{"id":107,"date":"2025-12-22T08:56:08","date_gmt":"2025-12-22T11:56:08","guid":{"rendered":"http:\/\/jullyfriend.com.br\/?page_id=107"},"modified":"2026-04-09T08:46:11","modified_gmt":"2026-04-09T11:46:11","slug":"oleos-essencias","status":"publish","type":"page","link":"https:\/\/jullyfriend.com.br\/?page_id=107","title":{"rendered":"\u00d3LEOS ESSENCIAS"},"content":{"rendered":"\n<p class=\"has-text-align-center has-theme-palette-9-background-color has-text-color has-background has-link-color wp-elements-82e8d75e7c720c623030e88515d833b5\" style=\"color:#65c479;font-size:24px;text-transform:uppercase\"><strong><em>A POT\u00caNCIA DOS \u00d3LEOS ESSENCIAIS<\/em><\/strong><\/p>\n\n\n\n<div class=\"wp-block-columns has-background is-layout-flex wp-container-core-columns-is-layout-9d6595d7 wp-block-columns-is-layout-flex\" style=\"background-color:#d2f3d2\">\n<div class=\"wp-block-column is-layout-flow wp-block-column-is-layout-flow\">\n<div class=\"wp-block-cover is-light\"><img loading=\"lazy\" decoding=\"async\" width=\"888\" height=\"585\" class=\"wp-block-cover__image-background wp-image-109 size-full\" alt=\"\" src=\"http:\/\/jullyfriend.com.br\/wp-content\/uploads\/2025\/12\/OLEOS.jpg\" data-object-fit=\"cover\" srcset=\"https:\/\/jullyfriend.com.br\/wp-content\/uploads\/2025\/12\/OLEOS.jpg 888w, https:\/\/jullyfriend.com.br\/wp-content\/uploads\/2025\/12\/OLEOS-300x198.jpg 300w, https:\/\/jullyfriend.com.br\/wp-content\/uploads\/2025\/12\/OLEOS-768x506.jpg 768w\" sizes=\"auto, (max-width: 888px) 100vw, 888px\" \/><span aria-hidden=\"true\" class=\"wp-block-cover__background has-background-dim-0 has-background-dim\" style=\"background-color:#b5adc3\"><\/span><div class=\"wp-block-cover__inner-container is-layout-flow wp-block-cover-is-layout-flow\">\n<p class=\"has-text-align-center has-large-font-size\"><\/p>\n<\/div><\/div>\n<\/div>\n\n\n\n<div class=\"wp-block-column is-vertically-aligned-center has-medium-font-size is-layout-flow wp-block-column-is-layout-flow\" style=\"line-height:2\">\n<p class=\"has-text-align-left\" style=\"padding-top:var(--wp--preset--spacing--40);padding-right:var(--wp--preset--spacing--20);padding-bottom:var(--wp--preset--spacing--40);padding-left:var(--wp--preset--spacing--20);font-size:20px;line-height:1.4\">Os \u00f3leos essenciais s\u00e3o subst\u00e2ncias naturais extra\u00eddas de plantas, flores, ra\u00edzes e sementes, altamente concentradas e ricas em propriedades terap\u00eauticas. Cada aroma carrega uma pot\u00eancia \u00fanica capaz de atuar no corpo f\u00edsico, nas emo\u00e7\u00f5es e na mente.<br>Na aromaterapia, eles s\u00e3o utilizados de forma estrat\u00e9gica para promover equil\u00edbrio, aliviar sintomas como ansiedade, ins\u00f4nia, dores f\u00edsicas, e estimular estados de bem-estar e presen\u00e7a.<br>Essa abordagem \u00e9 integrativa e respeita a individualidade de cada pessoa, oferecendo caminhos naturais e eficazes para quem busca mais qualidade de vida.<\/p>\n<\/div>\n<\/div>\n\n\n\n<p class=\"has-text-align-center has-theme-palette-9-background-color has-background\" style=\"font-size:24px;text-transform:uppercase\"><strong><em>Seja um membro DoTerra e transforme seu bem-estar<\/em><\/strong><\/p>\n\n\n\n<p class=\"has-text-align-center has-background\" style=\"background:linear-gradient(5000deg,rgb(234,248,212) 0%,rgb(184,255,193) 100%);font-size:20px\">Se voc\u00ea deseja incorporar os \u00f3leos essenciais \u00e0 sua rotina com mais autonomia e benef\u00edcios exclusivos, tornar-se um membro DoTerra \u00e9 o primeiro passo.<br>Ao se cadastrar, voc\u00ea ter\u00e1 acesso a <strong>descontos especiais em todos os produtos<\/strong>, al\u00e9m de poder montar seu pr\u00f3prio kit de acordo com suas necessidades f\u00edsicas, emocionais e energ\u00e9ticas.<br>No primeiro pedido, h\u00e1 uma <strong>taxa de inscri\u00e7\u00e3o de R$48,00<\/strong> para compras abaixo de <strong>100 pontos<\/strong>.<br>Se seu pedido inicial for acima de <strong>100 pontos<\/strong>, <strong>a taxa \u00e9 isenta<\/strong> \u2014 e voc\u00ea j\u00e1 come\u00e7a sua jornada com mais economia e pot\u00eancia terap\u00eautica.<br><br>D<strong>e in\u00edcio ao seu processo de transforma\u00e7\u00e3o com os \u00f3leos essenciais <\/strong><br><strong>se torne um membro do terra<\/strong><\/p>\n\n\n\n<div class=\"wp-block-buttons is-content-justification-center is-layout-flex wp-container-core-buttons-is-layout-16018d1d wp-block-buttons-is-layout-flex\">\n<div class=\"wp-block-button\"><a class=\"wp-block-button__link has-black-color has-text-color has-background has-link-color wp-element-button\" href=\"https:\/\/wa.me\/5511989366440?text=Seja%20bem-vindo%20%C3%A0%20JULLYFRIEND%20AROMATERAPIA!%0AMe%20conta%20como%20posso%20te%20ajudar%20que%20j%C3%A1%20vou%20te%20atender%20com%20todo%20carinho!%F0%9F%92%9C\" style=\"background-color:#71ce7e\">CLIQUE AQUI<\/a><\/div>\n<\/div>\n","protected":false},"excerpt":{"rendered":"<p>A POT\u00caNCIA DOS \u00d3LEOS ESSENCIAIS Os \u00f3leos essenciais s\u00e3o subst\u00e2ncias naturais extra\u00eddas de plantas, flores, ra\u00edzes e sementes, altamente concentradas e ricas em propriedades terap\u00eauticas. Cada aroma carrega uma pot\u00eancia \u00fanica capaz de atuar no corpo f\u00edsico, nas emo\u00e7\u00f5es e na mente.Na aromaterapia, eles s\u00e3o utilizados de forma estrat\u00e9gica para promover equil\u00edbrio, aliviar sintomas como&#8230;<\/p>\n","protected":false},"author":1,"featured_media":0,"parent":0,"menu_order":0,"comment_status":"closed","ping_status":"closed","template":"","meta":{"_kad_post_transparent":"","_kad_post_title":"","_kad_post_layout":"","_kad_post_sidebar_id":"","_kad_post_content_style":"","_kad_post_vertical_padding":"","_kad_post_feature":"","_kad_post_feature_position":"","_kad_post_header":false,"_kad_post_footer":false,"_kad_post_classname":"","footnotes":""},"class_list":["post-107","page","type-page","status-publish","hentry"],"_links":{"self":[{"href":"https:\/\/jullyfriend.com.br\/index.php?rest_route=\/wp\/v2\/pages\/107","targetHints":{"allow":["GET"]}}],"collection":[{"href":"https:\/\/jullyfriend.com.br\/index.php?rest_route=\/wp\/v2\/pages"}],"about":[{"href":"https:\/\/jullyfriend.com.br\/index.php?rest_route=\/wp\/v2\/types\/page"}],"author":[{"embeddable":true,"href":"https:\/\/jullyfriend.com.br\/index.php?rest_route=\/wp\/v2\/users\/1"}],"replies":[{"embeddable":true,"href":"https:\/\/jullyfriend.com.br\/index.php?rest_route=%2Fwp%2Fv2%2Fcomments&post=107"}],"version-history":[{"count":10,"href":"https:\/\/jullyfriend.com.br\/index.php?rest_route=\/wp\/v2\/pages\/107\/revisions"}],"predecessor-version":[{"id":326,"href":"https:\/\/jullyfriend.com.br\/index.php?rest_route=\/wp\/v2\/pages\/107\/revisions\/326"}],"wp:attachment":[{"href":"https:\/\/jullyfriend.com.br\/index.php?rest_route=%2Fwp%2Fv2%2Fmedia&parent=107"}],"curies":[{"name":"wp","href":"https:\/\/api.w.org\/{rel}","templated":true}]}}