{"id":112,"date":"2025-12-22T09:01:43","date_gmt":"2025-12-22T12:01:43","guid":{"rendered":"http:\/\/jullyfriend.com.br\/?page_id=112"},"modified":"2026-01-09T21:21:41","modified_gmt":"2026-01-10T00:21:41","slug":"sobre-mim","status":"publish","type":"page","link":"https:\/\/jullyfriend.com.br\/?page_id=112","title":{"rendered":"SOBRE MIM"},"content":{"rendered":"\n<p><\/p>\n\n\n\n<div class=\"wp-block-columns is-layout-flex wp-container-core-columns-is-layout-9d6595d7 wp-block-columns-is-layout-flex\">\n<div class=\"wp-block-column is-layout-flow wp-block-column-is-layout-flow\"><div class=\"wp-block-image\">\n<figure class=\"aligncenter size-large is-resized\"><img loading=\"lazy\" decoding=\"async\" width=\"768\" height=\"1024\" src=\"http:\/\/jullyfriend.com.br\/wp-content\/uploads\/2025\/12\/ju-768x1024.jpg\" alt=\"\" class=\"wp-image-117\" style=\"width:400px\" srcset=\"https:\/\/jullyfriend.com.br\/wp-content\/uploads\/2025\/12\/ju-768x1024.jpg 768w, https:\/\/jullyfriend.com.br\/wp-content\/uploads\/2025\/12\/ju-225x300.jpg 225w, https:\/\/jullyfriend.com.br\/wp-content\/uploads\/2025\/12\/ju-1152x1536.jpg 1152w, https:\/\/jullyfriend.com.br\/wp-content\/uploads\/2025\/12\/ju.jpg 1200w\" sizes=\"auto, (max-width: 768px) 100vw, 768px\" \/><\/figure>\n<\/div><\/div>\n\n\n\n<div class=\"wp-block-column is-vertically-aligned-center is-layout-flow wp-block-column-is-layout-flow\">\n<p style=\"font-size:20px\">Sou <strong>Juliana Gon\u00e7alves<\/strong>, pedagoga e terapeuta. Encontrei meu prop\u00f3sito ao vivenciar, na pr\u00e1tica, o poder transformador dos \u00f3leos essenciais. Comecei esse processo em mim mesma, buscando desacelerar e cuidar da minha sa\u00fade emocional e f\u00edsica.<\/p>\n\n\n\n<p style=\"font-size:20px\">As mudan\u00e7as foram t\u00e3o vis\u00edveis que as pessoas ao meu redor come\u00e7aram a perguntar o que eu estava fazendo. Naturalmente, passei a compartilhar minha experi\u00eancia e, sem perceber, j\u00e1 atuava como uma verdadeira consultora de bem-estar.<\/p>\n\n\n\n<p style=\"font-size:20px\">Me especializei em Aromaterapia Cl\u00ednica e iniciei os atendimentos com amigos. Hoje, coloco esse conhecimento a servi\u00e7o de todas as pessoas que buscam mais equil\u00edbrio, leveza e qualidade de vida por meio de uma abordagem integrativa e acolhedora.<\/p>\n<\/div>\n<\/div>\n","protected":false},"excerpt":{"rendered":"<p>Sou Juliana Gon\u00e7alves, pedagoga e terapeuta. Encontrei meu prop\u00f3sito ao vivenciar, na pr\u00e1tica, o poder transformador dos \u00f3leos essenciais. Comecei esse processo em mim mesma, buscando desacelerar e cuidar da minha sa\u00fade emocional e f\u00edsica. As mudan\u00e7as foram t\u00e3o vis\u00edveis que as pessoas ao meu redor come\u00e7aram a perguntar o que eu estava fazendo. Naturalmente,&#8230;<\/p>\n","protected":false},"author":1,"featured_media":0,"parent":0,"menu_order":0,"comment_status":"closed","ping_status":"closed","template":"","meta":{"_kad_post_transparent":"","_kad_post_title":"","_kad_post_layout":"","_kad_post_sidebar_id":"","_kad_post_content_style":"","_kad_post_vertical_padding":"","_kad_post_feature":"","_kad_post_feature_position":"","_kad_post_header":false,"_kad_post_footer":false,"_kad_post_classname":"","footnotes":""},"class_list":["post-112","page","type-page","status-publish","hentry"],"_links":{"self":[{"href":"https:\/\/jullyfriend.com.br\/index.php?rest_route=\/wp\/v2\/pages\/112","targetHints":{"allow":["GET"]}}],"collection":[{"href":"https:\/\/jullyfriend.com.br\/index.php?rest_route=\/wp\/v2\/pages"}],"about":[{"href":"https:\/\/jullyfriend.com.br\/index.php?rest_route=\/wp\/v2\/types\/page"}],"author":[{"embeddable":true,"href":"https:\/\/jullyfriend.com.br\/index.php?rest_route=\/wp\/v2\/users\/1"}],"replies":[{"embeddable":true,"href":"https:\/\/jullyfriend.com.br\/index.php?rest_route=%2Fwp%2Fv2%2Fcomments&post=112"}],"version-history":[{"count":4,"href":"https:\/\/jullyfriend.com.br\/index.php?rest_route=\/wp\/v2\/pages\/112\/revisions"}],"predecessor-version":[{"id":266,"href":"https:\/\/jullyfriend.com.br\/index.php?rest_route=\/wp\/v2\/pages\/112\/revisions\/266"}],"wp:attachment":[{"href":"https:\/\/jullyfriend.com.br\/index.php?rest_route=%2Fwp%2Fv2%2Fmedia&parent=112"}],"curies":[{"name":"wp","href":"https:\/\/api.w.org\/{rel}","templated":true}]}}