{"id":122,"date":"2025-12-22T09:49:51","date_gmt":"2025-12-22T12:49:51","guid":{"rendered":"http:\/\/jullyfriend.com.br\/?page_id=122"},"modified":"2026-03-31T07:46:58","modified_gmt":"2026-03-31T10:46:58","slug":"dempoimentos","status":"publish","type":"page","link":"https:\/\/jullyfriend.com.br\/?page_id=122","title":{"rendered":"DEPOIMENTOS"},"content":{"rendered":"\n<blockquote class=\"wp-block-quote is-layout-flow wp-block-quote-is-layout-flow\">\n<div class=\"wp-block-columns is-layout-flex wp-container-core-columns-is-layout-9d6595d7 wp-block-columns-is-layout-flex\">\n<div class=\"wp-block-column is-layout-flow wp-block-column-is-layout-flow\" style=\"flex-basis:33.33%\"><div class=\"wp-block-image\">\n<figure class=\"aligncenter size-full\"><img loading=\"lazy\" decoding=\"async\" width=\"300\" height=\"400\" src=\"http:\/\/jullyfriend.com.br\/wp-content\/uploads\/2026\/03\/WhatsApp-Image-2026-03-31-at-07.30.26-e1774953570321.jpeg\" alt=\"\" class=\"wp-image-300\"\/><\/figure>\n<\/div><\/div>\n\n\n\n<div class=\"wp-block-column has-theme-palette-3-color has-text-color has-background has-link-color wp-elements-8082d05d2254e68574f1dc21d416f914 is-layout-flow wp-block-column-is-layout-flow\" style=\"background-color:#f9f3f9;flex-basis:66.66%\">\n<blockquote class=\"wp-block-quote has-text-color has-link-color wp-elements-cfcaa9fc1de7a9ac564fbb53dd3b23a2 is-layout-flow wp-block-quote-is-layout-flow\" style=\"color:#cf4af1\">\n<p class=\"has-theme-palette-3-color has-text-color has-link-color has-medium-font-size wp-elements-32ec727ac9edd5591ea8d5d241213b6c\">Comprei o \u00f3leo essencial On Guard da d\u014dTERRA por indica\u00e7\u00e3o da Juliana, e foi uma experi\u00eancia extremamente positiva.<br>O \u00f3leo me ajudou muito, especialmente nos per\u00edodos de gripes, trazendo mais bem-estar. Al\u00e9m disso, algo que me surpreendeu bastante foi o efeito positivo nas minhas c\u00f3licas, que antes eram muito fortes.<br>Utilizei o On Guard tanto na ingest\u00e3o quanto em massagens, e em todas as formas de uso percebi resultados muito eficazes.<br>Outro ponto que fez toda a diferen\u00e7a foi o cuidado da Juliana, que me acompanhou de perto em todo o processo, desde antes da compra, tirando minhas d\u00favidas, at\u00e9 depois, acompanhando os resultados e me orientando sobre o uso correto do \u00f3leo. Isso me trouxe muita seguran\u00e7a e confian\u00e7a.<\/p>\n\n\n\n<p class=\"has-theme-palette-3-color has-text-color has-link-color has-medium-font-size wp-elements-39b6f46160b00363e16cf129e1dcde70\"><strong><em>Sou muito grata por essa experi\u00eancia e recomendo tanto o \u00f3leo quanto o atendimento da Juliana.<\/em><\/strong><\/p>\n<\/blockquote>\n<\/div>\n<\/div>\n<\/blockquote>\n\n\n\n<blockquote class=\"wp-block-quote is-layout-flow wp-block-quote-is-layout-flow\">\n<div class=\"wp-block-columns is-layout-flex wp-container-core-columns-is-layout-9d6595d7 wp-block-columns-is-layout-flex\">\n<div class=\"wp-block-column is-layout-flow wp-block-column-is-layout-flow\" style=\"flex-basis:33.33%\">\n<figure class=\"wp-block-gallery has-nested-images columns-default is-cropped wp-block-gallery-1 is-layout-flex wp-block-gallery-is-layout-flex\"><\/figure>\n<\/div>\n\n\n\n<div class=\"wp-block-column is-layout-flow wp-block-column-is-layout-flow\" style=\"flex-basis:66.66%\">\n<blockquote class=\"wp-block-quote has-background is-layout-flow wp-block-quote-is-layout-flow\" style=\"background-color:#f3faee\">\n<p class=\"has-medium-font-size\" style=\"font-style:normal;font-weight:400\">Quando o beb\u00ea j\u00e1 realiza sozinha o seu autocuidado \u2764\ufe0f<br><br>Hoje, ela est\u00e1 usando o Breathe, que promove a sensa\u00e7\u00e3o de vias respirat\u00f3rias livres, criando um ambiente restaurador na hora de dormir.<\/p>\n\n\n\n<p class=\"has-medium-font-size\" style=\"font-style:normal;font-weight:400\"><strong><em>Conheci esse universo com a Juliana, me encantei, me cadastrei e hoje todos em casa usamos os \u00f3leos essenciais.<\/em><\/strong><br><br>O melhor \u00e9 que, com o cadastro, consigo adquirir com um pre\u00e7o mais acess\u00edvel.<\/p>\n<\/blockquote>\n\n\n\n<div style=\"height:100px\" aria-hidden=\"true\" class=\"wp-block-spacer\"><\/div>\n<\/div>\n<\/div>\n<\/blockquote>\n\n\n\n<div style=\"height:100px\" aria-hidden=\"true\" class=\"wp-block-spacer\"><\/div>\n\n\n\n<p><\/p>\n","protected":false},"excerpt":{"rendered":"","protected":false},"author":1,"featured_media":0,"parent":0,"menu_order":0,"comment_status":"closed","ping_status":"closed","template":"","meta":{"_kad_post_transparent":"","_kad_post_title":"","_kad_post_layout":"","_kad_post_sidebar_id":"","_kad_post_content_style":"","_kad_post_vertical_padding":"","_kad_post_feature":"","_kad_post_feature_position":"","_kad_post_header":false,"_kad_post_footer":false,"_kad_post_classname":"","footnotes":""},"class_list":["post-122","page","type-page","status-publish","hentry"],"_links":{"self":[{"href":"https:\/\/jullyfriend.com.br\/index.php?rest_route=\/wp\/v2\/pages\/122","targetHints":{"allow":["GET"]}}],"collection":[{"href":"https:\/\/jullyfriend.com.br\/index.php?rest_route=\/wp\/v2\/pages"}],"about":[{"href":"https:\/\/jullyfriend.com.br\/index.php?rest_route=\/wp\/v2\/types\/page"}],"author":[{"embeddable":true,"href":"https:\/\/jullyfriend.com.br\/index.php?rest_route=\/wp\/v2\/users\/1"}],"replies":[{"embeddable":true,"href":"https:\/\/jullyfriend.com.br\/index.php?rest_route=%2Fwp%2Fv2%2Fcomments&post=122"}],"version-history":[{"count":4,"href":"https:\/\/jullyfriend.com.br\/index.php?rest_route=\/wp\/v2\/pages\/122\/revisions"}],"predecessor-version":[{"id":303,"href":"https:\/\/jullyfriend.com.br\/index.php?rest_route=\/wp\/v2\/pages\/122\/revisions\/303"}],"wp:attachment":[{"href":"https:\/\/jullyfriend.com.br\/index.php?rest_route=%2Fwp%2Fv2%2Fmedia&parent=122"}],"curies":[{"name":"wp","href":"https:\/\/api.w.org\/{rel}","templated":true}]}}