{"id":62,"date":"2025-12-18T22:43:24","date_gmt":"2025-12-19T01:43:24","guid":{"rendered":"http:\/\/jullyfriend.com.br\/?page_id=62"},"modified":"2026-04-09T08:45:23","modified_gmt":"2026-04-09T11:45:23","slug":"banner-1","status":"publish","type":"page","link":"https:\/\/jullyfriend.com.br\/","title":{"rendered":"INICIAR CONTATO"},"content":{"rendered":"\n<div class=\"wp-block-cover wp-duotone-unset-2\"><img loading=\"lazy\" decoding=\"async\" width=\"2000\" height=\"1198\" class=\"wp-block-cover__image-background wp-image-223\" alt=\"\" src=\"http:\/\/jullyfriend.com.br\/wp-content\/uploads\/2025\/12\/cropped-cropped-cropped-Jullyfriend-Logo-2000-x-1200-px.png\" data-object-fit=\"cover\" srcset=\"https:\/\/jullyfriend.com.br\/wp-content\/uploads\/2025\/12\/cropped-cropped-cropped-Jullyfriend-Logo-2000-x-1200-px.png 2000w, https:\/\/jullyfriend.com.br\/wp-content\/uploads\/2025\/12\/cropped-cropped-cropped-Jullyfriend-Logo-2000-x-1200-px-300x180.png 300w, https:\/\/jullyfriend.com.br\/wp-content\/uploads\/2025\/12\/cropped-cropped-cropped-Jullyfriend-Logo-2000-x-1200-px-1024x613.png 1024w, https:\/\/jullyfriend.com.br\/wp-content\/uploads\/2025\/12\/cropped-cropped-cropped-Jullyfriend-Logo-2000-x-1200-px-768x460.png 768w, https:\/\/jullyfriend.com.br\/wp-content\/uploads\/2025\/12\/cropped-cropped-cropped-Jullyfriend-Logo-2000-x-1200-px-1536x920.png 1536w\" sizes=\"auto, (max-width: 2000px) 100vw, 2000px\" \/><span aria-hidden=\"true\" class=\"wp-block-cover__background has-background-dim\"><\/span><div class=\"wp-block-cover__inner-container is-layout-flow wp-block-cover-is-layout-flow\">\n<p class=\"has-text-align-center has-xxlarge-font-size\" style=\"font-style:normal;font-weight:500;line-height:1.5\">RESPIRE FUNDO<\/p>\n\n\n\n<p class=\"has-text-align-center has-large-font-size\" style=\"font-style:normal;font-weight:100;line-height:1.3\"><em>Seu processo de equil\u00edbrio come\u00e7a agora!<br><\/em><br><strong>SEJA BEM-VINDO<\/strong> <br><em>ao seu espa\u00e7o onde os aromas despertam o corpo, <br>acalmam a mente e <br>transformam emo\u00e7\u00f5es.<\/em><\/p>\n\n\n\n<div class=\"wp-block-buttons is-content-justification-center is-layout-flex wp-container-core-buttons-is-layout-16018d1d wp-block-buttons-is-layout-flex\">\n<div class=\"wp-block-button is-style-outline is-style-outline--1\"><a class=\"wp-block-button__link has-theme-palette-2-color has-theme-palette-9-background-color has-text-color has-background has-link-color wp-element-button\" href=\"https:\/\/wa.me\/5511989366440?text=Seja%20bem-vindo%20%C3%A0%20JULLYFRIEND%20AROMATERAPIA!%0AMe%20conta%20como%20posso%20te%20ajudar%20que%20j%C3%A1%20vou%20te%20atender%20com%20todo%20carinho!%F0%9F%92%9C\">INICIAR CONTATO<\/a><\/div>\n<\/div>\n<\/div><\/div>\n\n\n\n<div class=\"wp-block-columns has-background is-layout-flex wp-container-core-columns-is-layout-9d6595d7 wp-block-columns-is-layout-flex\" style=\"background-color:#d2f3d2\">\n<div class=\"wp-block-column is-layout-flow wp-block-column-is-layout-flow\"><div class=\"wp-block-image\">\n<figure class=\"aligncenter size-full\"><img loading=\"lazy\" decoding=\"async\" width=\"940\" height=\"788\" src=\"http:\/\/jullyfriend.com.br\/wp-content\/uploads\/2025\/12\/Design-sem-nome.png\" alt=\"\" class=\"wp-image-91\" srcset=\"https:\/\/jullyfriend.com.br\/wp-content\/uploads\/2025\/12\/Design-sem-nome.png 940w, https:\/\/jullyfriend.com.br\/wp-content\/uploads\/2025\/12\/Design-sem-nome-300x251.png 300w, https:\/\/jullyfriend.com.br\/wp-content\/uploads\/2025\/12\/Design-sem-nome-768x644.png 768w\" sizes=\"auto, (max-width: 940px) 100vw, 940px\" \/><\/figure>\n<\/div><\/div>\n\n\n\n<div class=\"wp-block-column is-vertically-aligned-center is-layout-flow wp-block-column-is-layout-flow\">\n<p class=\"has-text-align-center\" style=\"font-size:35px\"><strong>Acolhimento verdadeiro, <br>escuta sens\u00edvel e <br>caminhos terap\u00eauticos <br>que transformam <br>de dentro para fora.<\/strong><\/p>\n<\/div>\n<\/div>\n\n\n\n<div class=\"wp-block-cover is-light has-kubio-color-4-color has-text-color has-link-color wp-elements-30583af28a39520c6aa826325229508d\"><img loading=\"lazy\" decoding=\"async\" width=\"1024\" height=\"307\" class=\"wp-block-cover__image-background wp-image-97 size-large\" alt=\"\" src=\"http:\/\/jullyfriend.com.br\/wp-content\/uploads\/2025\/12\/Jullyfriend-Logo-2000-x-1200-px-7-1024x307.png\" data-object-fit=\"cover\" srcset=\"https:\/\/jullyfriend.com.br\/wp-content\/uploads\/2025\/12\/Jullyfriend-Logo-2000-x-1200-px-7-1024x307.png 1024w, https:\/\/jullyfriend.com.br\/wp-content\/uploads\/2025\/12\/Jullyfriend-Logo-2000-x-1200-px-7-300x90.png 300w, https:\/\/jullyfriend.com.br\/wp-content\/uploads\/2025\/12\/Jullyfriend-Logo-2000-x-1200-px-7-768x230.png 768w, https:\/\/jullyfriend.com.br\/wp-content\/uploads\/2025\/12\/Jullyfriend-Logo-2000-x-1200-px-7-1536x461.png 1536w, https:\/\/jullyfriend.com.br\/wp-content\/uploads\/2025\/12\/Jullyfriend-Logo-2000-x-1200-px-7.png 2000w\" sizes=\"auto, (max-width: 1024px) 100vw, 1024px\" \/><span aria-hidden=\"true\" class=\"wp-block-cover__background has-background-dim-20 has-background-dim\" style=\"background-color:#f4e9f0\"><\/span><div class=\"wp-block-cover__inner-container is-layout-flow wp-block-cover-is-layout-flow\">\n<p class=\"has-text-align-center\" style=\"font-size:29px\"><strong>Para quem \u00e9 esse processo?<\/strong><br><strong>Para quem \u00e9 essa transforma\u00e7\u00e3o?<\/strong><br><strong>Para quem \u00e9 esse espa\u00e7o de cuidado?<\/strong><\/p>\n\n\n\n<p class=\"has-text-align-center\" style=\"font-size:16px;font-style:normal;font-weight:400\">Para todos que, mesmo cercados de pessoas, sentem que carregam o mundo sozinhos.<br><br>Para quem vive em constante estado de alerta, com o cora\u00e7\u00e3o apertado e a mente acelerada.<br><br>Para profissionais que enfrentam grandes responsabilidades emocionais e mentais.<br><br>Para aqueles que, apesar do sucesso, convivem com a culpa, a ansiedade ou o peso da sobrecarga. <br><br>Para quem convive com dores f\u00edsicas e busca al\u00edvio por meio de uma abordagem natural e complementar.<br><br>Para crian\u00e7as, jovens e adultos que buscam al\u00edvio, acolhimento e reconex\u00e3o consigo mesmos.<br><br>Esse caminho \u00e9 para quem deseja respirar com mais leveza, sentir com mais presen\u00e7a e viver com mais equil\u00edbrio<\/p>\n<\/div><\/div>\n\n\n\n<p class=\"has-theme-palette-9-color has-text-color has-background has-link-color has-medium-font-size wp-elements-f45e6b76078b93b0302011e9345a1255\" style=\"background-color:#f0b2f6;line-height:0\"><strong><em>SOBRE MIM<\/em><\/strong><\/p>\n\n\n\n<div class=\"wp-block-columns has-background is-layout-flex wp-container-core-columns-is-layout-9d6595d7 wp-block-columns-is-layout-flex\" style=\"background-color:#f6edf7;line-height:1.7\">\n<div class=\"wp-block-column is-layout-flow wp-block-column-is-layout-flow\"><div class=\"wp-block-image\">\n<figure class=\"aligncenter size-large is-resized\"><img loading=\"lazy\" decoding=\"async\" width=\"768\" height=\"1024\" src=\"http:\/\/jullyfriend.com.br\/wp-content\/uploads\/2025\/12\/ju-768x1024.jpg\" alt=\"\" class=\"wp-image-117\" style=\"width:400px\" srcset=\"https:\/\/jullyfriend.com.br\/wp-content\/uploads\/2025\/12\/ju-768x1024.jpg 768w, https:\/\/jullyfriend.com.br\/wp-content\/uploads\/2025\/12\/ju-225x300.jpg 225w, https:\/\/jullyfriend.com.br\/wp-content\/uploads\/2025\/12\/ju-1152x1536.jpg 1152w, https:\/\/jullyfriend.com.br\/wp-content\/uploads\/2025\/12\/ju.jpg 1200w\" sizes=\"auto, (max-width: 768px) 100vw, 768px\" \/><\/figure>\n<\/div><\/div>\n\n\n\n<div class=\"wp-block-column is-vertically-aligned-center is-layout-flow wp-block-column-is-layout-flow\">\n<p style=\"font-size:20px\">Sou <strong>Juliana Gon\u00e7alves<\/strong>, pedagoga e terapeuta. Encontrei meu prop\u00f3sito ao vivenciar, na pr\u00e1tica, o poder transformador dos \u00f3leos essenciais. Comecei esse processo em mim mesma, buscando desacelerar e cuidar da minha sa\u00fade emocional e f\u00edsica.<\/p>\n\n\n\n<p style=\"font-size:20px\">Me especializei em Aromaterapia Cl\u00ednica e iniciei os atendimentos com amigos. Hoje, coloco esse conhecimento a servi\u00e7o de todas as pessoas que buscam mais equil\u00edbrio, leveza e qualidade de vida por meio de uma abordagem integrativa e acolhedora.<\/p>\n<\/div>\n<\/div>\n\n\n\n<p class=\"has-text-align-left has-theme-palette-9-color has-text-color has-background has-link-color has-medium-font-size wp-elements-c00d5ce4f8280b923056d652fc46d5fc\" style=\"background-color:#43de50;line-height:0\"><strong><em>A POT\u00caNCIA DOS \u00d3LEOS ESSENCIAIS<\/em><\/strong><br><br><br><br><br><br><br><\/p>\n\n\n\n<div class=\"wp-block-columns has-background is-layout-flex wp-container-core-columns-is-layout-9d6595d7 wp-block-columns-is-layout-flex\" style=\"background-color:#d2f3d2\">\n<div class=\"wp-block-column is-layout-flow wp-block-column-is-layout-flow\">\n<div class=\"wp-block-cover is-light\"><img loading=\"lazy\" decoding=\"async\" width=\"888\" height=\"585\" class=\"wp-block-cover__image-background wp-image-109 size-full\" alt=\"\" src=\"http:\/\/jullyfriend.com.br\/wp-content\/uploads\/2025\/12\/OLEOS.jpg\" data-object-fit=\"cover\" srcset=\"https:\/\/jullyfriend.com.br\/wp-content\/uploads\/2025\/12\/OLEOS.jpg 888w, https:\/\/jullyfriend.com.br\/wp-content\/uploads\/2025\/12\/OLEOS-300x198.jpg 300w, https:\/\/jullyfriend.com.br\/wp-content\/uploads\/2025\/12\/OLEOS-768x506.jpg 768w\" sizes=\"auto, (max-width: 888px) 100vw, 888px\" \/><span aria-hidden=\"true\" class=\"wp-block-cover__background has-background-dim-0 has-background-dim\" style=\"background-color:#b5adc3\"><\/span><div class=\"wp-block-cover__inner-container is-layout-flow wp-block-cover-is-layout-flow\">\n<p class=\"has-text-align-center has-large-font-size\"><\/p>\n<\/div><\/div>\n<\/div>\n\n\n\n<div class=\"wp-block-column is-vertically-aligned-center has-medium-font-size is-layout-flow wp-block-column-is-layout-flow\" style=\"line-height:2\">\n<p class=\"has-text-align-left\" style=\"padding-top:var(--wp--preset--spacing--40);padding-right:var(--wp--preset--spacing--20);padding-bottom:var(--wp--preset--spacing--40);padding-left:var(--wp--preset--spacing--20);font-size:20px;line-height:1.4\">Os \u00f3leos essenciais s\u00e3o subst\u00e2ncias naturais extra\u00eddas de plantas, flores, ra\u00edzes e sementes, altamente concentradas e ricas em propriedades terap\u00eauticas. Cada aroma carrega uma pot\u00eancia \u00fanica capaz de atuar no corpo f\u00edsico, nas emo\u00e7\u00f5es e na mente.<br>Na aromaterapia, eles s\u00e3o utilizados de forma estrat\u00e9gica para promover equil\u00edbrio, aliviar sintomas como ansiedade, ins\u00f4nia, dores f\u00edsicas, e estimular estados de bem-estar e presen\u00e7a.<br>Essa abordagem \u00e9 integrativa e respeita a individualidade de cada pessoa, oferecendo caminhos naturais e eficazes para quem busca mais qualidade de vida.<\/p>\n<\/div>\n<\/div>\n\n\n\n<p class=\"has-text-align-center has-text-color has-link-color has-large-font-size wp-elements-de052b7a0b332e2a4b53f16b2fbf6337\" style=\"color:#43de50;text-transform:uppercase\"><strong>Seja um membro DoTerra e transforme seu bem-estar<\/strong><\/p>\n\n\n\n<p class=\"has-text-align-center has-background\" style=\"background-color:#f9fff9;font-size:20px\">Se voc\u00ea deseja incorporar os \u00f3leos essenciais \u00e0 sua rotina com mais autonomia e benef\u00edcios exclusivos, tornar-se um membro DoTerra \u00e9 o primeiro passo.<br>Ao se cadastrar, voc\u00ea ter\u00e1 acesso a <strong>descontos especiais em todos os produtos<\/strong>, al\u00e9m de poder montar seu pr\u00f3prio kit de acordo com suas necessidades f\u00edsicas, emocionais e energ\u00e9ticas.<br>No primeiro pedido, h\u00e1 uma <strong>taxa de inscri\u00e7\u00e3o de R$48,00<\/strong> para compras abaixo de <strong>100 pontos<\/strong>.<br>Se seu pedido inicial for acima de <strong>100 pontos<\/strong>, <strong>a taxa \u00e9 isenta<\/strong> \u2014 e voc\u00ea j\u00e1 come\u00e7a sua jornada com mais economia e pot\u00eancia terap\u00eautica.<br><br>D<strong>e in\u00edcio ao seu processo de transforma\u00e7\u00e3o com os \u00f3leos essenciais <\/strong><strong>se torne um membro DoTerra<\/strong><\/p>\n\n\n\n<div class=\"wp-block-buttons is-content-justification-center is-layout-flex wp-container-core-buttons-is-layout-16018d1d wp-block-buttons-is-layout-flex\">\n<div class=\"wp-block-button is-style-fill\"><a class=\"wp-block-button__link has-background wp-element-button\" href=\"https:\/\/wa.me\/5511989366440?text=Seja%20bem-vindo%20%C3%A0%20JULLYFRIEND%20AROMATERAPIA!%0AMe%20conta%20como%20posso%20te%20ajudar%20que%20j%C3%A1%20vou%20te%20atender%20com%20todo%20carinho!%F0%9F%92%9C\" style=\"background-color:#43de50\">CLIQUE AQUI PARA MAIS INFORMA\u00c7\u00d5ES<\/a><\/div>\n<\/div>\n\n\n\n<p class=\"has-text-align-left has-theme-palette-9-color has-theme-palette-11-background-color has-text-color has-background has-link-color has-medium-font-size wp-elements-76cd70b52480464f91cd1cbc44b53b1c\" style=\"line-height:0\">ATENDIMENTO<br><br><br><br><br><br><\/p>\n\n\n\n<div class=\"wp-block-columns are-vertically-aligned-top is-layout-flex wp-container-core-columns-is-layout-9d6595d7 wp-block-columns-is-layout-flex\">\n<div class=\"wp-block-column is-vertically-aligned-top is-layout-flow wp-block-column-is-layout-flow\">\n<div class=\"wp-block-cover is-light has-medium-font-size\"><img loading=\"lazy\" decoding=\"async\" width=\"150\" height=\"150\" class=\"wp-block-cover__image-background wp-image-101 size-thumbnail\" alt=\"\" src=\"http:\/\/jullyfriend.com.br\/wp-content\/uploads\/2025\/12\/Jullyfriend-Logo-2000-x-1200-px-7-1-150x150.png\" style=\"object-position:50% 63%\" data-object-fit=\"cover\" data-object-position=\"50% 63%\" srcset=\"https:\/\/jullyfriend.com.br\/wp-content\/uploads\/2025\/12\/Jullyfriend-Logo-2000-x-1200-px-7-1-150x150.png 150w, https:\/\/jullyfriend.com.br\/wp-content\/uploads\/2025\/12\/Jullyfriend-Logo-2000-x-1200-px-7-1-100x100.png 100w\" sizes=\"auto, (max-width: 150px) 100vw, 150px\" \/><span aria-hidden=\"true\" class=\"wp-block-cover__background has-background-dim-0 has-background-dim\"><\/span><div class=\"wp-block-cover__inner-container is-layout-flow wp-block-cover-is-layout-flow\">\n<p class=\"has-text-align-center has-large-font-size\"><strong>O que acontece na primeira sess\u00e3o?<\/strong><\/p>\n<\/div><\/div>\n<\/div>\n\n\n\n<div class=\"wp-block-column is-vertically-aligned-top is-layout-flow wp-block-column-is-layout-flow\">\n<p class=\"has-text-align-left\" style=\"font-size:18px\"><br>Na primeira sess\u00e3o, voc\u00ea ser\u00e1 acolhido com escuta sens\u00edvel e aten\u00e7\u00e3o plena. Conversaremos sobre suas necessidades, expectativas e objetivos terap\u00eauticos, criando juntos um espa\u00e7o seguro para sua transforma\u00e7\u00e3o.<\/p>\n\n\n\n<p style=\"font-size:18px\">Essa sess\u00e3o pode acontecer de forma <strong>online ou presencial<\/strong>, conforme sua prefer\u00eancia. E acima de tudo, <strong>\u00e9 totalmente confidencial<\/strong>: tudo o que for compartilhado ser\u00e1 tratado com respeito, \u00e9tica e sigilo profissional.<\/p>\n<\/div>\n<\/div>\n\n\n\n<hr class=\"wp-block-separator has-text-color has-vivid-purple-color has-alpha-channel-opacity has-vivid-purple-background-color has-background\"\/>\n\n\n\n<blockquote class=\"wp-block-quote has-medium-font-size is-layout-flow wp-block-quote-is-layout-flow\" style=\"line-height:1\">\n<p>ONLINE<\/p>\n<\/blockquote>\n\n\n\n<p style=\"font-size:15px\">Uma conversa profunda e acolhedora, onde identifico as causas mais sutis dos seus travamentos emocionais e f\u00edsicos.<br>Mapeamos juntos seus principais bloqueios, padr\u00f5es e repeti\u00e7\u00f5es.<br>Voc\u00ea recebe um protocolo personalizado de Terapia com \u00f3leos essenciais para iniciar seu processo de transforma\u00e7\u00e3o.<br>Essa \u00e9 uma abordagem integrativa, que considera corpo, mente e emo\u00e7\u00f5es. Para dores f\u00edsicas \u2014 especialmente em casos cr\u00edticos \u2014 o tratamento deve acontecer em paralelo com acompanhamento m\u00e9dico.<\/p>\n\n\n\n<blockquote class=\"wp-block-quote has-medium-font-size is-layout-flow wp-block-quote-is-layout-flow\" style=\"line-height:1\">\n<p>PRESENCIAL<\/p>\n<\/blockquote>\n\n\n\n<p style=\"font-size:15px\">Al\u00e9m da escuta terap\u00eautica para quest\u00f5es emocionais e f\u00edsicas, realizamos uma an\u00e1lise com o Zyto Balance, tecnologia que identifica desequil\u00edbrios energ\u00e9ticos no corpo.<br>Voc\u00ea recebe um protocolo personalizado de Terapia com \u00f3leos essenciais para iniciar seu processo de transforma\u00e7\u00e3o.<br>Essa \u00e9 uma abordagem integrativa, que considera corpo, mente e emo\u00e7\u00f5es. Para dores f\u00edsicas \u2014 especialmente em casos cr\u00edticos \u2014 o tratamento deve acontecer em paralelo com acompanhamento m\u00e9dico.<\/p>\n\n\n\n<hr class=\"wp-block-separator has-text-color has-vivid-purple-color has-alpha-channel-opacity has-vivid-purple-background-color has-background\"\/>\n\n\n\n<p class=\"has-text-align-center has-very-light-gray-to-cyan-bluish-gray-gradient-background has-background has-medium-font-size\" style=\"font-style:normal;font-weight:500\"><em><strong>Ambos os formatos s\u00e3o eficazes<\/strong> e promovem resultados reais. No atendimento presencial, o uso do aparelho Zyto Balance potencializa ainda mais os efeitos terap\u00eauticos, oferecendo uma abordagem precisa e integrativa para quest\u00f5es f\u00edsicas e emocionais.<\/em><\/p>\n\n\n\n<p>VALORES:<br>On-line \u2013 R$ 200,00      <br>Presencial \u2013 R$ 300,00<\/p>\n\n\n\n<div class=\"wp-block-buttons is-content-justification-center is-layout-flex wp-container-core-buttons-is-layout-16018d1d wp-block-buttons-is-layout-flex\">\n<div class=\"wp-block-button\"><a class=\"wp-block-button__link has-vivid-purple-background-color has-background wp-element-button\" href=\"https:\/\/minhaagendavirtual.com.br\/agendamentos\/incluir\/jullyfriend\/horarios\">CLIQUE AQUI E FA\u00c7A SEU AGENDAMENTO<\/a><\/div>\n<\/div>\n\n\n\n<p class=\"has-text-align-left has-theme-palette-9-color has-theme-palette-6-background-color has-text-color has-background has-link-color has-medium-font-size wp-elements-d85bb7a3ad658cfdce58d012e43cb96c\" style=\"line-height:0\"><strong><em>INICIAR CONTATO<\/em><\/strong><br><br><br><br><br><br><br><\/p>\n\n\n\n<div class=\"wp-block-columns is-layout-flex wp-container-core-columns-is-layout-9d6595d7 wp-block-columns-is-layout-flex\">\n<div class=\"wp-block-column is-layout-flow wp-block-column-is-layout-flow\" style=\"flex-basis:25%\"><\/div>\n\n\n\n<div class=\"wp-block-column is-layout-flow wp-block-column-is-layout-flow\" style=\"flex-basis:50%\">\n<div class=\"wp-block-contact-form-7-contact-form-selector\">\n<div class=\"wpcf7 no-js\" id=\"wpcf7-f121-o1\" lang=\"pt-BR\" dir=\"ltr\" data-wpcf7-id=\"121\">\n<div class=\"screen-reader-response\"><p role=\"status\" aria-live=\"polite\" aria-atomic=\"true\"><\/p> <ul><\/ul><\/div>\n<form action=\"\/index.php?rest_route=%2Fwp%2Fv2%2Fpages%2F62#wpcf7-f121-o1\" method=\"post\" class=\"wpcf7-form init\" aria-label=\"Formul\u00e1rios de contato\" novalidate=\"novalidate\" data-status=\"init\">\n<fieldset class=\"hidden-fields-container\"><input type=\"hidden\" name=\"_wpcf7\" value=\"121\" \/><input type=\"hidden\" name=\"_wpcf7_version\" value=\"6.1.4\" \/><input type=\"hidden\" name=\"_wpcf7_locale\" value=\"pt_BR\" \/><input type=\"hidden\" name=\"_wpcf7_unit_tag\" value=\"wpcf7-f121-o1\" \/><input type=\"hidden\" name=\"_wpcf7_container_post\" value=\"0\" \/><input type=\"hidden\" name=\"_wpcf7_posted_data_hash\" value=\"\" \/>\n<\/fieldset>\n<p><label> Nome<br \/>\n<span class=\"wpcf7-form-control-wrap\" data-name=\"your-name\"><input size=\"40\" maxlength=\"400\" class=\"wpcf7-form-control wpcf7-text wpcf7-validates-as-required\" autocomplete=\"name\" aria-required=\"true\" aria-invalid=\"false\" value=\"\" type=\"text\" name=\"your-name\" \/><\/span> <\/label>\n<\/p>\n<p><label> E-mail<br \/>\n<span class=\"wpcf7-form-control-wrap\" data-name=\"your-email\"><input size=\"40\" maxlength=\"400\" class=\"wpcf7-form-control wpcf7-email wpcf7-validates-as-required wpcf7-text wpcf7-validates-as-email\" autocomplete=\"email\" aria-required=\"true\" aria-invalid=\"false\" value=\"\" type=\"email\" name=\"your-email\" \/><\/span> <\/label>\n<\/p>\n<p><label> Celular<br \/>\n<span class=\"wpcf7-form-control-wrap\" data-name=\"tel-590\"><input size=\"40\" maxlength=\"400\" class=\"wpcf7-form-control wpcf7-tel wpcf7-text wpcf7-validates-as-tel\" aria-invalid=\"false\" value=\"\" type=\"tel\" name=\"tel-590\" \/><\/span> <\/label>\n<\/p>\n<p><label> Assunto<br \/>\n<span class=\"wpcf7-form-control-wrap\" data-name=\"your-subject\"><input size=\"40\" maxlength=\"400\" class=\"wpcf7-form-control wpcf7-text wpcf7-validates-as-required\" aria-required=\"true\" aria-invalid=\"false\" value=\"\" type=\"text\" name=\"your-subject\" \/><\/span> <\/label>\n<\/p>\n<p><label> Sua mensagem (opcional)<br \/>\n<span class=\"wpcf7-form-control-wrap\" data-name=\"your-message\"><textarea cols=\"40\" rows=\"10\" maxlength=\"2000\" class=\"wpcf7-form-control wpcf7-textarea\" aria-invalid=\"false\" name=\"your-message\"><\/textarea><\/span> <\/label>\n<\/p>\n<p><input class=\"wpcf7-form-control wpcf7-submit has-spinner\" type=\"submit\" value=\"Enviar\" \/>\n<\/p><div class=\"wpcf7-response-output\" aria-hidden=\"true\"><\/div>\n<\/form>\n<\/div>\n<\/div>\n<\/div>\n\n\n\n<div class=\"wp-block-column is-layout-flow wp-block-column-is-layout-flow\" style=\"flex-basis:25%\"><\/div>\n<\/div>\n","protected":false},"excerpt":{"rendered":"<p>Acolhimento verdadeiro, escuta sens\u00edvel e caminhos terap\u00eauticos que transformam de dentro para fora. SOBRE MIM Sou Juliana Gon\u00e7alves, pedagoga e terapeuta. Encontrei meu prop\u00f3sito ao vivenciar, na pr\u00e1tica, o poder transformador dos \u00f3leos essenciais. Comecei esse processo em mim mesma, buscando desacelerar e cuidar da minha sa\u00fade emocional e f\u00edsica. Me especializei em Aromaterapia Cl\u00ednica&#8230;<\/p>\n","protected":false},"author":1,"featured_media":141,"parent":0,"menu_order":0,"comment_status":"closed","ping_status":"closed","template":"","meta":{"_kad_post_transparent":"","_kad_post_title":"","_kad_post_layout":"","_kad_post_sidebar_id":"","_kad_post_content_style":"","_kad_post_vertical_padding":"","_kad_post_feature":"","_kad_post_feature_position":"","_kad_post_header":false,"_kad_post_footer":false,"_kad_post_classname":"","footnotes":""},"class_list":["post-62","page","type-page","status-publish","has-post-thumbnail","hentry"],"_links":{"self":[{"href":"https:\/\/jullyfriend.com.br\/index.php?rest_route=\/wp\/v2\/pages\/62","targetHints":{"allow":["GET"]}}],"collection":[{"href":"https:\/\/jullyfriend.com.br\/index.php?rest_route=\/wp\/v2\/pages"}],"about":[{"href":"https:\/\/jullyfriend.com.br\/index.php?rest_route=\/wp\/v2\/types\/page"}],"author":[{"embeddable":true,"href":"https:\/\/jullyfriend.com.br\/index.php?rest_route=\/wp\/v2\/users\/1"}],"replies":[{"embeddable":true,"href":"https:\/\/jullyfriend.com.br\/index.php?rest_route=%2Fwp%2Fv2%2Fcomments&post=62"}],"version-history":[{"count":43,"href":"https:\/\/jullyfriend.com.br\/index.php?rest_route=\/wp\/v2\/pages\/62\/revisions"}],"predecessor-version":[{"id":325,"href":"https:\/\/jullyfriend.com.br\/index.php?rest_route=\/wp\/v2\/pages\/62\/revisions\/325"}],"wp:featuredmedia":[{"embeddable":true,"href":"https:\/\/jullyfriend.com.br\/index.php?rest_route=\/wp\/v2\/media\/141"}],"wp:attachment":[{"href":"https:\/\/jullyfriend.com.br\/index.php?rest_route=%2Fwp%2Fv2%2Fmedia&parent=62"}],"curies":[{"name":"wp","href":"https:\/\/api.w.org\/{rel}","templated":true}]}}